{"id":129,"date":"2023-03-06T23:47:53","date_gmt":"2023-03-06T23:47:53","guid":{"rendered":"https:\/\/andaloeditorial.com\/es\/?page_id=129"},"modified":"2023-11-25T21:13:24","modified_gmt":"2023-11-25T21:13:24","slug":"sobre-nosotros","status":"publish","type":"page","link":"https:\/\/andaloeditorial.com\/es\/sobre-nosotros\/","title":{"rendered":"Sobre Nosotros"},"content":{"rendered":"<p>Somos una editorial ubicada en la Rep\u00fablica Dominicana, especializada en la creaci\u00f3n de cautivadores cuentos ilustrados para ni\u00f1os. Nuestros cuentos est\u00e1n dise\u00f1ados para ser divertidos y disfrutables, con ilustraciones vibrantes y historias atractivas que capturan a los j\u00f3venes lectores y despiertan su imaginaci\u00f3n.<\/p>\n<p>Pero eso no es todo: nuestros cuentos tambi\u00e9n contienen mensajes valiosos que resuenan con los ni\u00f1os y les ayudan a comprender conceptos importantes de manera significativa. Al combinar entretenimiento y educaci\u00f3n, nuestros cuentos ofrecen una experiencia de lectura \u00fanica que ayuda a los ni\u00f1os a desarrollar el amor por la lectura, a la vez que expanden su conocimiento y comprensi\u00f3n del mundo que les rodea.<\/p>\n<p><!--more--><br \/>\nDisfrutamos creando eventos relacionados con nuestros cuentos, con la presencia de ilustradores de diferentes pa\u00edses, generando una experiencia \u00fanica para nuestros lectores. Adem\u00e1s de producir audiolibros, videos animados, juegos de mesa, juguetes de peluche y narraciones en vivo para que disfruten las familias, realizamos un festival en Santo Domingo celebrando nuestros t\u00edtulos cada a\u00f1o.<\/p>\n","protected":false},"excerpt":{"rendered":"<p>Somos una editorial ubicada en la Rep\u00fablica Dominicana, especializada en la creaci\u00f3n de cautivadores cuentos&hellip;<\/p>\n","protected":false},"author":1,"featured_media":0,"parent":0,"menu_order":0,"comment_status":"closed","ping_status":"closed","template":"","meta":{"footnotes":""},"class_list":["post-129","page","type-page","status-publish","hentry"],"yoast_head":"<!-- This site is optimized with the Yoast SEO plugin v21.5 - https:\/\/yoast.com\/wordpress\/plugins\/seo\/ -->\n<title>Sobre Nosotros - Andalo Editorial<\/title>\n<meta name=\"robots\" content=\"index, follow, max-snippet:-1, max-image-preview:large, max-video-preview:-1\" \/>\n<link rel=\"canonical\" href=\"https:\/\/andaloeditorial.com\/es\/sobre-nosotros\/\" \/>\n<meta property=\"og:locale\" content=\"es_ES\" \/>\n<meta property=\"og:type\" content=\"article\" \/>\n<meta property=\"og:title\" content=\"Sobre Nosotros - Andalo Editorial\" \/>\n<meta property=\"og:description\" content=\"Somos una editorial ubicada en la Rep\u00fablica Dominicana, especializada en la creaci\u00f3n de cautivadores cuentos&hellip;\" \/>\n<meta property=\"og:url\" content=\"https:\/\/andaloeditorial.com\/es\/sobre-nosotros\/\" \/>\n<meta property=\"og:site_name\" content=\"Andalo Editorial\" \/>\n<meta property=\"article:modified_time\" content=\"2023-11-25T21:13:24+00:00\" \/>\n<meta name=\"twitter:card\" content=\"summary_large_image\" \/>\n<meta name=\"twitter:label1\" content=\"Tiempo de lectura\" \/>\n\t<meta name=\"twitter:data1\" content=\"1 minuto\" \/>\n<script type=\"application\/ld+json\" class=\"yoast-schema-graph\">{\"@context\":\"https:\/\/schema.org\",\"@graph\":[{\"@type\":\"WebPage\",\"@id\":\"https:\/\/andaloeditorial.com\/es\/sobre-nosotros\/\",\"url\":\"https:\/\/andaloeditorial.com\/es\/sobre-nosotros\/\",\"name\":\"Sobre Nosotros - Andalo Editorial\",\"isPartOf\":{\"@id\":\"https:\/\/andaloeditorial.com\/es\/#website\"},\"datePublished\":\"2023-03-06T23:47:53+00:00\",\"dateModified\":\"2023-11-25T21:13:24+00:00\",\"breadcrumb\":{\"@id\":\"https:\/\/andaloeditorial.com\/es\/sobre-nosotros\/#breadcrumb\"},\"inLanguage\":\"es\",\"potentialAction\":[{\"@type\":\"ReadAction\",\"target\":[\"https:\/\/andaloeditorial.com\/es\/sobre-nosotros\/\"]}]},{\"@type\":\"BreadcrumbList\",\"@id\":\"https:\/\/andaloeditorial.com\/es\/sobre-nosotros\/#breadcrumb\",\"itemListElement\":[{\"@type\":\"ListItem\",\"position\":1,\"name\":\"Home\",\"item\":\"https:\/\/andaloeditorial.com\/es\/\"},{\"@type\":\"ListItem\",\"position\":2,\"name\":\"Sobre Nosotros\"}]},{\"@type\":\"WebSite\",\"@id\":\"https:\/\/andaloeditorial.com\/es\/#website\",\"url\":\"https:\/\/andaloeditorial.com\/es\/\",\"name\":\"Andalo Editorial\",\"description\":\"Editorial con sede en Rep\u00fablica Dominicana especializada en libros ilustrados para ni\u00f1os.\",\"potentialAction\":[{\"@type\":\"SearchAction\",\"target\":{\"@type\":\"EntryPoint\",\"urlTemplate\":\"https:\/\/andaloeditorial.com\/es\/?s={search_term_string}\"},\"query-input\":\"required name=search_term_string\"}],\"inLanguage\":\"es\"}]}<\/script>\n<!-- \/ Yoast SEO plugin. -->","yoast_head_json":{"title":"Sobre Nosotros - Andalo Editorial","robots":{"index":"index","follow":"follow","max-snippet":"max-snippet:-1","max-image-preview":"max-image-preview:large","max-video-preview":"max-video-preview:-1"},"canonical":"https:\/\/andaloeditorial.com\/es\/sobre-nosotros\/","og_locale":"es_ES","og_type":"article","og_title":"Sobre Nosotros - Andalo Editorial","og_description":"Somos una editorial ubicada en la Rep\u00fablica Dominicana, especializada en la creaci\u00f3n de cautivadores cuentos&hellip;","og_url":"https:\/\/andaloeditorial.com\/es\/sobre-nosotros\/","og_site_name":"Andalo Editorial","article_modified_time":"2023-11-25T21:13:24+00:00","twitter_card":"summary_large_image","twitter_misc":{"Tiempo de lectura":"1 minuto"},"schema":{"@context":"https:\/\/schema.org","@graph":[{"@type":"WebPage","@id":"https:\/\/andaloeditorial.com\/es\/sobre-nosotros\/","url":"https:\/\/andaloeditorial.com\/es\/sobre-nosotros\/","name":"Sobre Nosotros - Andalo Editorial","isPartOf":{"@id":"https:\/\/andaloeditorial.com\/es\/#website"},"datePublished":"2023-03-06T23:47:53+00:00","dateModified":"2023-11-25T21:13:24+00:00","breadcrumb":{"@id":"https:\/\/andaloeditorial.com\/es\/sobre-nosotros\/#breadcrumb"},"inLanguage":"es","potentialAction":[{"@type":"ReadAction","target":["https:\/\/andaloeditorial.com\/es\/sobre-nosotros\/"]}]},{"@type":"BreadcrumbList","@id":"https:\/\/andaloeditorial.com\/es\/sobre-nosotros\/#breadcrumb","itemListElement":[{"@type":"ListItem","position":1,"name":"Home","item":"https:\/\/andaloeditorial.com\/es\/"},{"@type":"ListItem","position":2,"name":"Sobre Nosotros"}]},{"@type":"WebSite","@id":"https:\/\/andaloeditorial.com\/es\/#website","url":"https:\/\/andaloeditorial.com\/es\/","name":"Andalo Editorial","description":"Editorial con sede en Rep\u00fablica Dominicana especializada en libros ilustrados para ni\u00f1os.","potentialAction":[{"@type":"SearchAction","target":{"@type":"EntryPoint","urlTemplate":"https:\/\/andaloeditorial.com\/es\/?s={search_term_string}"},"query-input":"required name=search_term_string"}],"inLanguage":"es"}]}},"_links":{"self":[{"href":"https:\/\/andaloeditorial.com\/es\/wp-json\/wp\/v2\/pages\/129","targetHints":{"allow":["GET"]}}],"collection":[{"href":"https:\/\/andaloeditorial.com\/es\/wp-json\/wp\/v2\/pages"}],"about":[{"href":"https:\/\/andaloeditorial.com\/es\/wp-json\/wp\/v2\/types\/page"}],"author":[{"embeddable":true,"href":"https:\/\/andaloeditorial.com\/es\/wp-json\/wp\/v2\/users\/1"}],"replies":[{"embeddable":true,"href":"https:\/\/andaloeditorial.com\/es\/wp-json\/wp\/v2\/comments?post=129"}],"version-history":[{"count":9,"href":"https:\/\/andaloeditorial.com\/es\/wp-json\/wp\/v2\/pages\/129\/revisions"}],"predecessor-version":[{"id":3341,"href":"https:\/\/andaloeditorial.com\/es\/wp-json\/wp\/v2\/pages\/129\/revisions\/3341"}],"wp:attachment":[{"href":"https:\/\/andaloeditorial.com\/es\/wp-json\/wp\/v2\/media?parent=129"}],"curies":[{"name":"wp","href":"https:\/\/api.w.org\/{rel}","templated":true}]}}