{"id":233,"date":"2023-08-31T14:52:48","date_gmt":"2023-08-31T14:52:48","guid":{"rendered":"https:\/\/andaloeditorial.com\/es\/?page_id=233"},"modified":"2023-11-25T21:09:50","modified_gmt":"2023-11-25T21:09:50","slug":"autores","status":"publish","type":"page","link":"https:\/\/andaloeditorial.com\/es\/autores\/","title":{"rendered":"Autores"},"content":{"rendered":"<p>Disfrutamos trabajando con personas talentosas y creativas de todo el mundo. Nuestros libros son el resultado de muchos meses creando ideas y colaborando en un ambiente divertido, para explorar y desarrollar historias maravillosas tanto para ni\u00f1os como para sus padres. Aqu\u00ed encontrar\u00e1s a todos los artistas con los que hemos trabajado hasta ahora. Nos encantan absolutamente todos ellos y esperamos poder seguir colaborando con muchos m\u00e1s creadores incre\u00edbles en el futuro.<\/p>\n","protected":false},"excerpt":{"rendered":"<p>Disfrutamos trabajando con personas talentosas y creativas de todo el mundo. Nuestros libros son el&hellip;<\/p>\n","protected":false},"author":1,"featured_media":0,"parent":0,"menu_order":0,"comment_status":"closed","ping_status":"closed","template":"","meta":{"footnotes":""},"class_list":["post-233","page","type-page","status-publish","hentry"],"yoast_head":"<!-- This site is optimized with the Yoast SEO plugin v21.5 - https:\/\/yoast.com\/wordpress\/plugins\/seo\/ -->\n<title>Autores - Andalo Editorial<\/title>\n<meta name=\"robots\" content=\"index, follow, max-snippet:-1, max-image-preview:large, max-video-preview:-1\" \/>\n<link rel=\"canonical\" href=\"https:\/\/andaloeditorial.com\/es\/autores\/\" \/>\n<meta property=\"og:locale\" content=\"es_ES\" \/>\n<meta property=\"og:type\" content=\"article\" \/>\n<meta property=\"og:title\" content=\"Autores - Andalo Editorial\" \/>\n<meta property=\"og:description\" content=\"Disfrutamos trabajando con personas talentosas y creativas de todo el mundo. Nuestros libros son el&hellip;\" \/>\n<meta property=\"og:url\" content=\"https:\/\/andaloeditorial.com\/es\/autores\/\" \/>\n<meta property=\"og:site_name\" content=\"Andalo Editorial\" \/>\n<meta property=\"article:modified_time\" content=\"2023-11-25T21:09:50+00:00\" \/>\n<meta name=\"twitter:card\" content=\"summary_large_image\" \/>\n<meta name=\"twitter:label1\" content=\"Tiempo de lectura\" \/>\n\t<meta name=\"twitter:data1\" content=\"1 minuto\" \/>\n<script type=\"application\/ld+json\" class=\"yoast-schema-graph\">{\"@context\":\"https:\/\/schema.org\",\"@graph\":[{\"@type\":\"WebPage\",\"@id\":\"https:\/\/andaloeditorial.com\/es\/autores\/\",\"url\":\"https:\/\/andaloeditorial.com\/es\/autores\/\",\"name\":\"Autores - Andalo Editorial\",\"isPartOf\":{\"@id\":\"https:\/\/andaloeditorial.com\/es\/#website\"},\"datePublished\":\"2023-08-31T14:52:48+00:00\",\"dateModified\":\"2023-11-25T21:09:50+00:00\",\"breadcrumb\":{\"@id\":\"https:\/\/andaloeditorial.com\/es\/autores\/#breadcrumb\"},\"inLanguage\":\"es\",\"potentialAction\":[{\"@type\":\"ReadAction\",\"target\":[\"https:\/\/andaloeditorial.com\/es\/autores\/\"]}]},{\"@type\":\"BreadcrumbList\",\"@id\":\"https:\/\/andaloeditorial.com\/es\/autores\/#breadcrumb\",\"itemListElement\":[{\"@type\":\"ListItem\",\"position\":1,\"name\":\"Home\",\"item\":\"https:\/\/andaloeditorial.com\/es\/\"},{\"@type\":\"ListItem\",\"position\":2,\"name\":\"Autores\"}]},{\"@type\":\"WebSite\",\"@id\":\"https:\/\/andaloeditorial.com\/es\/#website\",\"url\":\"https:\/\/andaloeditorial.com\/es\/\",\"name\":\"Andalo Editorial\",\"description\":\"Editorial con sede en Rep\u00fablica Dominicana especializada en libros ilustrados para ni\u00f1os.\",\"potentialAction\":[{\"@type\":\"SearchAction\",\"target\":{\"@type\":\"EntryPoint\",\"urlTemplate\":\"https:\/\/andaloeditorial.com\/es\/?s={search_term_string}\"},\"query-input\":\"required name=search_term_string\"}],\"inLanguage\":\"es\"}]}<\/script>\n<!-- \/ Yoast SEO plugin. -->","yoast_head_json":{"title":"Autores - Andalo Editorial","robots":{"index":"index","follow":"follow","max-snippet":"max-snippet:-1","max-image-preview":"max-image-preview:large","max-video-preview":"max-video-preview:-1"},"canonical":"https:\/\/andaloeditorial.com\/es\/autores\/","og_locale":"es_ES","og_type":"article","og_title":"Autores - Andalo Editorial","og_description":"Disfrutamos trabajando con personas talentosas y creativas de todo el mundo. Nuestros libros son el&hellip;","og_url":"https:\/\/andaloeditorial.com\/es\/autores\/","og_site_name":"Andalo Editorial","article_modified_time":"2023-11-25T21:09:50+00:00","twitter_card":"summary_large_image","twitter_misc":{"Tiempo de lectura":"1 minuto"},"schema":{"@context":"https:\/\/schema.org","@graph":[{"@type":"WebPage","@id":"https:\/\/andaloeditorial.com\/es\/autores\/","url":"https:\/\/andaloeditorial.com\/es\/autores\/","name":"Autores - Andalo Editorial","isPartOf":{"@id":"https:\/\/andaloeditorial.com\/es\/#website"},"datePublished":"2023-08-31T14:52:48+00:00","dateModified":"2023-11-25T21:09:50+00:00","breadcrumb":{"@id":"https:\/\/andaloeditorial.com\/es\/autores\/#breadcrumb"},"inLanguage":"es","potentialAction":[{"@type":"ReadAction","target":["https:\/\/andaloeditorial.com\/es\/autores\/"]}]},{"@type":"BreadcrumbList","@id":"https:\/\/andaloeditorial.com\/es\/autores\/#breadcrumb","itemListElement":[{"@type":"ListItem","position":1,"name":"Home","item":"https:\/\/andaloeditorial.com\/es\/"},{"@type":"ListItem","position":2,"name":"Autores"}]},{"@type":"WebSite","@id":"https:\/\/andaloeditorial.com\/es\/#website","url":"https:\/\/andaloeditorial.com\/es\/","name":"Andalo Editorial","description":"Editorial con sede en Rep\u00fablica Dominicana especializada en libros ilustrados para ni\u00f1os.","potentialAction":[{"@type":"SearchAction","target":{"@type":"EntryPoint","urlTemplate":"https:\/\/andaloeditorial.com\/es\/?s={search_term_string}"},"query-input":"required name=search_term_string"}],"inLanguage":"es"}]}},"_links":{"self":[{"href":"https:\/\/andaloeditorial.com\/es\/wp-json\/wp\/v2\/pages\/233","targetHints":{"allow":["GET"]}}],"collection":[{"href":"https:\/\/andaloeditorial.com\/es\/wp-json\/wp\/v2\/pages"}],"about":[{"href":"https:\/\/andaloeditorial.com\/es\/wp-json\/wp\/v2\/types\/page"}],"author":[{"embeddable":true,"href":"https:\/\/andaloeditorial.com\/es\/wp-json\/wp\/v2\/users\/1"}],"replies":[{"embeddable":true,"href":"https:\/\/andaloeditorial.com\/es\/wp-json\/wp\/v2\/comments?post=233"}],"version-history":[{"count":9,"href":"https:\/\/andaloeditorial.com\/es\/wp-json\/wp\/v2\/pages\/233\/revisions"}],"predecessor-version":[{"id":3335,"href":"https:\/\/andaloeditorial.com\/es\/wp-json\/wp\/v2\/pages\/233\/revisions\/3335"}],"wp:attachment":[{"href":"https:\/\/andaloeditorial.com\/es\/wp-json\/wp\/v2\/media?parent=233"}],"curies":[{"name":"wp","href":"https:\/\/api.w.org\/{rel}","templated":true}]}}