{"id":260,"date":"2023-09-04T18:42:34","date_gmt":"2023-09-04T18:42:34","guid":{"rendered":"https:\/\/andaloeditorial.com\/es\/?page_id=260"},"modified":"2023-11-25T21:10:34","modified_gmt":"2023-11-25T21:10:34","slug":"foreign-rights","status":"publish","type":"page","link":"https:\/\/andaloeditorial.com\/es\/foreign-rights\/","title":{"rendered":"Foreign Rights"},"content":{"rendered":"<p>Creamos nuestros libros pensando en todos los ni\u00f1os del mundo. Son t\u00edtulos interesantes y divertidos que pueden cautivar a ni\u00f1os y adultos de cualquier cultura.<\/p>\n<p>Entre nuestros objetivos m\u00e1s importantes est\u00e1 que nuestras historias lleguen a cada rinc\u00f3n del mundo traducidas a diferentes idiomas, a trav\u00e9s de editoriales que las acojan.<\/p>\n<p>Si est\u00e1s interesado en adquirir los derechos de algunos de nuestros t\u00edtulos, no dudes en contactarnos escribiendo a <strong>Rights@AndaloEditorial.com<\/strong> o AndaloEditorial@gmail.com.<\/p>\n<p>Explora nuestro <a href='https:\/\/andaloeditorial.com\/es\/wp-content\/themes\/wp_andaloeditorial\/andalo-catalogue-2023.pdf'>Cat\u00e1logo<\/a> y haznos saber si tienes alguna pregunta.<\/p>\n<h3><strong>Aqu\u00ed encontrar\u00e1s algunos de nuestros libros publicados por otras editoriales:<\/strong><\/h3>\n","protected":false},"excerpt":{"rendered":"<p>Creamos nuestros libros pensando en todos los ni\u00f1os del mundo. Son t\u00edtulos interesantes y divertidos&hellip;<\/p>\n","protected":false},"author":1,"featured_media":0,"parent":0,"menu_order":0,"comment_status":"closed","ping_status":"closed","template":"","meta":{"footnotes":""},"class_list":["post-260","page","type-page","status-publish","hentry"],"yoast_head":"<!-- This site is optimized with the Yoast SEO plugin v21.5 - https:\/\/yoast.com\/wordpress\/plugins\/seo\/ -->\n<title>Foreign Rights - Andalo Editorial<\/title>\n<meta name=\"robots\" content=\"index, follow, max-snippet:-1, max-image-preview:large, max-video-preview:-1\" \/>\n<link rel=\"canonical\" href=\"https:\/\/andaloeditorial.com\/es\/foreign-rights\/\" \/>\n<meta property=\"og:locale\" content=\"es_ES\" \/>\n<meta property=\"og:type\" content=\"article\" \/>\n<meta property=\"og:title\" content=\"Foreign Rights - Andalo Editorial\" \/>\n<meta property=\"og:description\" content=\"Creamos nuestros libros pensando en todos los ni\u00f1os del mundo. Son t\u00edtulos interesantes y divertidos&hellip;\" \/>\n<meta property=\"og:url\" content=\"https:\/\/andaloeditorial.com\/es\/foreign-rights\/\" \/>\n<meta property=\"og:site_name\" content=\"Andalo Editorial\" \/>\n<meta property=\"article:modified_time\" content=\"2023-11-25T21:10:34+00:00\" \/>\n<meta name=\"twitter:card\" content=\"summary_large_image\" \/>\n<meta name=\"twitter:label1\" content=\"Tiempo de lectura\" \/>\n\t<meta name=\"twitter:data1\" content=\"1 minuto\" \/>\n<script type=\"application\/ld+json\" class=\"yoast-schema-graph\">{\"@context\":\"https:\/\/schema.org\",\"@graph\":[{\"@type\":\"WebPage\",\"@id\":\"https:\/\/andaloeditorial.com\/es\/foreign-rights\/\",\"url\":\"https:\/\/andaloeditorial.com\/es\/foreign-rights\/\",\"name\":\"Foreign Rights - Andalo Editorial\",\"isPartOf\":{\"@id\":\"https:\/\/andaloeditorial.com\/es\/#website\"},\"datePublished\":\"2023-09-04T18:42:34+00:00\",\"dateModified\":\"2023-11-25T21:10:34+00:00\",\"breadcrumb\":{\"@id\":\"https:\/\/andaloeditorial.com\/es\/foreign-rights\/#breadcrumb\"},\"inLanguage\":\"es\",\"potentialAction\":[{\"@type\":\"ReadAction\",\"target\":[\"https:\/\/andaloeditorial.com\/es\/foreign-rights\/\"]}]},{\"@type\":\"BreadcrumbList\",\"@id\":\"https:\/\/andaloeditorial.com\/es\/foreign-rights\/#breadcrumb\",\"itemListElement\":[{\"@type\":\"ListItem\",\"position\":1,\"name\":\"Home\",\"item\":\"https:\/\/andaloeditorial.com\/es\/\"},{\"@type\":\"ListItem\",\"position\":2,\"name\":\"Foreign Rights\"}]},{\"@type\":\"WebSite\",\"@id\":\"https:\/\/andaloeditorial.com\/es\/#website\",\"url\":\"https:\/\/andaloeditorial.com\/es\/\",\"name\":\"Andalo Editorial\",\"description\":\"Editorial con sede en Rep\u00fablica Dominicana especializada en libros ilustrados para ni\u00f1os.\",\"potentialAction\":[{\"@type\":\"SearchAction\",\"target\":{\"@type\":\"EntryPoint\",\"urlTemplate\":\"https:\/\/andaloeditorial.com\/es\/?s={search_term_string}\"},\"query-input\":\"required name=search_term_string\"}],\"inLanguage\":\"es\"}]}<\/script>\n<!-- \/ Yoast SEO plugin. -->","yoast_head_json":{"title":"Foreign Rights - Andalo Editorial","robots":{"index":"index","follow":"follow","max-snippet":"max-snippet:-1","max-image-preview":"max-image-preview:large","max-video-preview":"max-video-preview:-1"},"canonical":"https:\/\/andaloeditorial.com\/es\/foreign-rights\/","og_locale":"es_ES","og_type":"article","og_title":"Foreign Rights - Andalo Editorial","og_description":"Creamos nuestros libros pensando en todos los ni\u00f1os del mundo. Son t\u00edtulos interesantes y divertidos&hellip;","og_url":"https:\/\/andaloeditorial.com\/es\/foreign-rights\/","og_site_name":"Andalo Editorial","article_modified_time":"2023-11-25T21:10:34+00:00","twitter_card":"summary_large_image","twitter_misc":{"Tiempo de lectura":"1 minuto"},"schema":{"@context":"https:\/\/schema.org","@graph":[{"@type":"WebPage","@id":"https:\/\/andaloeditorial.com\/es\/foreign-rights\/","url":"https:\/\/andaloeditorial.com\/es\/foreign-rights\/","name":"Foreign Rights - Andalo Editorial","isPartOf":{"@id":"https:\/\/andaloeditorial.com\/es\/#website"},"datePublished":"2023-09-04T18:42:34+00:00","dateModified":"2023-11-25T21:10:34+00:00","breadcrumb":{"@id":"https:\/\/andaloeditorial.com\/es\/foreign-rights\/#breadcrumb"},"inLanguage":"es","potentialAction":[{"@type":"ReadAction","target":["https:\/\/andaloeditorial.com\/es\/foreign-rights\/"]}]},{"@type":"BreadcrumbList","@id":"https:\/\/andaloeditorial.com\/es\/foreign-rights\/#breadcrumb","itemListElement":[{"@type":"ListItem","position":1,"name":"Home","item":"https:\/\/andaloeditorial.com\/es\/"},{"@type":"ListItem","position":2,"name":"Foreign Rights"}]},{"@type":"WebSite","@id":"https:\/\/andaloeditorial.com\/es\/#website","url":"https:\/\/andaloeditorial.com\/es\/","name":"Andalo Editorial","description":"Editorial con sede en Rep\u00fablica Dominicana especializada en libros ilustrados para ni\u00f1os.","potentialAction":[{"@type":"SearchAction","target":{"@type":"EntryPoint","urlTemplate":"https:\/\/andaloeditorial.com\/es\/?s={search_term_string}"},"query-input":"required name=search_term_string"}],"inLanguage":"es"}]}},"_links":{"self":[{"href":"https:\/\/andaloeditorial.com\/es\/wp-json\/wp\/v2\/pages\/260","targetHints":{"allow":["GET"]}}],"collection":[{"href":"https:\/\/andaloeditorial.com\/es\/wp-json\/wp\/v2\/pages"}],"about":[{"href":"https:\/\/andaloeditorial.com\/es\/wp-json\/wp\/v2\/types\/page"}],"author":[{"embeddable":true,"href":"https:\/\/andaloeditorial.com\/es\/wp-json\/wp\/v2\/users\/1"}],"replies":[{"embeddable":true,"href":"https:\/\/andaloeditorial.com\/es\/wp-json\/wp\/v2\/comments?post=260"}],"version-history":[{"count":16,"href":"https:\/\/andaloeditorial.com\/es\/wp-json\/wp\/v2\/pages\/260\/revisions"}],"predecessor-version":[{"id":3337,"href":"https:\/\/andaloeditorial.com\/es\/wp-json\/wp\/v2\/pages\/260\/revisions\/3337"}],"wp:attachment":[{"href":"https:\/\/andaloeditorial.com\/es\/wp-json\/wp\/v2\/media?parent=260"}],"curies":[{"name":"wp","href":"https:\/\/api.w.org\/{rel}","templated":true}]}}